{"id":8235,"date":"2017-07-08T21:28:33","date_gmt":"2017-07-09T00:28:33","guid":{"rendered":"https:\/\/powertic.com\/?page_id=8235"},"modified":"2021-11-21T18:51:28","modified_gmt":"2021-11-21T21:51:28","slug":"template-proposta-agencia","status":"publish","type":"page","link":"https:\/\/powertic.com\/pt-br\/guias\/template-proposta-agencia\/","title":{"rendered":"Template para proposta de Ag\u00eancia Digital"},"content":{"rendered":"<div data-elementor-type=\"wp-post\" data-elementor-id=\"8235\" class=\"elementor elementor-8235\">\n\t\t\t\t\t\t\t\t\t<section class=\"elementor-section elementor-top-section elementor-element elementor-element-2a728f5 elementor-section-boxed elementor-section-height-default elementor-section-height-default\" data-id=\"2a728f5\" data-element_type=\"section\">\n\t\t\t\t\t\t<div class=\"elementor-container elementor-column-gap-default\">\n\t\t\t\t\t<div class=\"elementor-column elementor-col-100 elementor-top-column elementor-element elementor-element-7a80697\" data-id=\"7a80697\" data-element_type=\"column\">\n\t\t\t<div class=\"elementor-widget-wrap elementor-element-populated\">\n\t\t\t\t\t\t\t\t<div class=\"elementor-element elementor-element-72aa222 elementor-widget elementor-widget-heading\" data-id=\"72aa222\" data-element_type=\"widget\" data-widget_type=\"heading.default\">\n\t\t\t\t<div class=\"elementor-widget-container\">\n\t\t\t<style>\/*! elementor - v3.7.4 - 31-08-2022 *\/\n.elementor-heading-title{padding:0;margin:0;line-height:1}.elementor-widget-heading .elementor-heading-title[class*=elementor-size-]>a{color:inherit;font-size:inherit;line-height:inherit}.elementor-widget-heading .elementor-heading-title.elementor-size-small{font-size:15px}.elementor-widget-heading .elementor-heading-title.elementor-size-medium{font-size:19px}.elementor-widget-heading .elementor-heading-title.elementor-size-large{font-size:29px}.elementor-widget-heading .elementor-heading-title.elementor-size-xl{font-size:39px}.elementor-widget-heading .elementor-heading-title.elementor-size-xxl{font-size:59px}<\/style><h1 class=\"elementor-heading-title elementor-size-default\">Baixe um Template Completo de Proposta Comercial para Ag\u00eancia Digital com Venda de Automa\u00e7\u00e3o de Marketing\n<\/h1>\t\t<\/div>\n\t\t\t\t<\/div>\n\t\t\t\t\t<\/div>\n\t\t<\/div>\n\t\t\t\t\t\t\t<\/div>\n\t\t<\/section>\n\t\t\t\t<section class=\"elementor-section elementor-top-section elementor-element elementor-element-4f4f1bdd elementor-section-boxed elementor-section-height-default elementor-section-height-default\" data-id=\"4f4f1bdd\" data-element_type=\"section\">\n\t\t\t\t\t\t<div class=\"elementor-container elementor-column-gap-default\">\n\t\t\t\t\t<div class=\"elementor-column elementor-col-50 elementor-top-column elementor-element elementor-element-50377ea7\" data-id=\"50377ea7\" data-element_type=\"column\">\n\t\t\t<div class=\"elementor-widget-wrap elementor-element-populated\">\n\t\t\t\t\t\t\t\t<div class=\"elementor-element elementor-element-b293d84 elementor-widget elementor-widget-image\" data-id=\"b293d84\" data-element_type=\"widget\" data-widget_type=\"image.default\">\n\t\t\t\t<div class=\"elementor-widget-container\">\n\t\t\t<style>\/*! elementor - v3.7.4 - 31-08-2022 *\/\n.elementor-widget-image{text-align:center}.elementor-widget-image a{display:inline-block}.elementor-widget-image a img[src$=\".svg\"]{width:48px}.elementor-widget-image img{vertical-align:middle;display:inline-block}<\/style>\t\t\t\t\t\t\t\t\t\t\t\t<img loading=\"lazy\" decoding=\"async\" width=\"640\" height=\"308\" src=\"https:\/\/powertic.com\/wp-content\/uploads\/2019\/09\/agency-slides-1-nsdzcv9yho5bw8zrtdkt0zta0em1epecq0fhb7dog0.png\" class=\"attachment-large size-large\" alt=\"\" srcset=\"https:\/\/powertic.com\/wp-content\/uploads\/2019\/09\/agency-slides-1-nsdzcv9yho5bw8zrtdkt0zta0em1epecq0fhb7dog0.png 832w,  https:\/\/powertic.com\/wp-content\/uploads\/2019\/09\/agency-slides-1-nsdzcv9yho5bw8zrtdkt0zta0em1epecq0fhb7dog0-300x144.png 300w,  https:\/\/powertic.com\/wp-content\/uploads\/2019\/09\/agency-slides-1-nsdzcv9yho5bw8zrtdkt0zta0em1epecq0fhb7dog0-768x369.png 768w,  https:\/\/powertic.com\/wp-content\/uploads\/2019\/09\/agency-slides-1-nsdzcv9yho5bw8zrtdkt0zta0em1epecq0fhb7dog0-624x300.png 624w,  https:\/\/powertic.com\/wp-content\/uploads\/2019\/09\/agency-slides-1-nsdzcv9yho5bw8zrtdkt0zta0em1epecq0fhb7dog0-600x288.png 600w\" sizes=\"auto, (max-width: 640px) 100vw, 640px\" title=\"\">\t\t\t\t\t\t\t\t\t\t\t\t\t\t\t<\/div>\n\t\t\t\t<\/div>\n\t\t\t\t<div class=\"elementor-element elementor-element-744dd680 elementor-widget elementor-widget-text-editor\" data-id=\"744dd680\" data-element_type=\"widget\" data-widget_type=\"text-editor.default\">\n\t\t\t\t<div class=\"elementor-widget-container\">\n\t\t\t<style>\/*! elementor - v3.7.4 - 31-08-2022 *\/\n.elementor-widget-text-editor.elementor-drop-cap-view-stacked .elementor-drop-cap{background-color:#818a91;color:#fff}.elementor-widget-text-editor.elementor-drop-cap-view-framed .elementor-drop-cap{color:#818a91;border:3px solid;background-color:transparent}.elementor-widget-text-editor:not(.elementor-drop-cap-view-default) .elementor-drop-cap{margin-top:8px}.elementor-widget-text-editor:not(.elementor-drop-cap-view-default) .elementor-drop-cap-letter{width:1em;height:1em}.elementor-widget-text-editor .elementor-drop-cap{float:left;text-align:center;line-height:1;font-size:50px}.elementor-widget-text-editor .elementor-drop-cap-letter{display:inline-block}<\/style>\t\t\t\t<p style=\"font-size: 18px; color: #333333; line-height: 40px;\">A internet est\u00e1 recheada de tutoriais e dicas de como executar as a\u00e7\u00f5es digitais, por\u00e9m faltam discuss\u00f5es de como vender esses servi\u00e7os. Esse template \u00e9 uma sugest\u00e3o de formato para uma proposta comercial que venda servi\u00e7o de marketing digital, junto com ferramenta de automa\u00e7\u00e3o de marketing.<\/p><h2>Sugest\u00e3o de planos, argumenta\u00e7\u00f5es de vendas e muito mais<\/h2><p style=\"font-size: 18px; color: #333333; line-height: 40px;\">Sabemos que dominar a t\u00e9cnica \u00e9 apenas uma parte do servi\u00e7o de uma ag\u00eancia. Outra t\u00e3o importante \u00e9 saber vender seus servi\u00e7os.<\/p><p style=\"font-size: 18px; color: #333333; line-height: 40px;\">Nesse template voc\u00ea vai encontrar:<\/p><ul style=\"font-size: 18px; color: #333333; line-height: 40px;\"><li>Argumenta\u00e7\u00f5es de vendas;<\/li><li>Retrato do cen\u00e1rio atual do Marketing;<\/li><li>Vantagens do Inbound Marketing;<\/li><li>Sugest\u00e3o de planos e escopo;<\/li><li>Op\u00e7\u00f5es para servi\u00e7os avulsos;<\/li><li>Nossa metodologia estrutural de servi\u00e7os;<\/li><\/ul><p style=\"font-size: 18px; color: #333333; line-height: 40px;\">Esse material \u00e9 inteiramente gratuito, baixe, use e abuse sem limita\u00e7\u00f5es.<\/p>\t\t\t\t\t\t<\/div>\n\t\t\t\t<\/div>\n\t\t\t\t<section class=\"elementor-section elementor-inner-section elementor-element elementor-element-32f1dde elementor-section-boxed elementor-section-height-default elementor-section-height-default\" data-id=\"32f1dde\" data-element_type=\"section\">\n\t\t\t\t\t\t<div class=\"elementor-container elementor-column-gap-default\">\n\t\t\t\t\t<div class=\"elementor-column elementor-col-50 elementor-inner-column elementor-element elementor-element-35b6726\" data-id=\"35b6726\" data-element_type=\"column\">\n\t\t\t<div class=\"elementor-widget-wrap elementor-element-populated\">\n\t\t\t\t\t\t\t\t<div class=\"elementor-element elementor-element-4bef605 elementor-widget elementor-widget-image\" data-id=\"4bef605\" data-element_type=\"widget\" data-widget_type=\"image.default\">\n\t\t\t\t<div class=\"elementor-widget-container\">\n\t\t\t\t\t\t\t\t\t\t\t\t\t\t\t<img loading=\"lazy\" decoding=\"async\" width=\"254\" height=\"255\" src=\"https:\/\/powertic.com\/wp-content\/uploads\/2019\/10\/demetrio.png\" class=\"attachment-large size-large\" alt=\"Demetrio\" srcset=\"https:\/\/powertic.com\/wp-content\/uploads\/2019\/10\/demetrio.png 254w,  https:\/\/powertic.com\/wp-content\/uploads\/2019\/10\/demetrio-150x150.png 150w,  https:\/\/powertic.com\/wp-content\/uploads\/2019\/10\/demetrio-50x50.png 50w,  https:\/\/powertic.com\/wp-content\/uploads\/2019\/10\/demetrio-100x100.png 100w,  https:\/\/powertic.com\/wp-content\/uploads\/2019\/10\/demetrio-32x32.png 32w\" sizes=\"auto, (max-width: 254px) 100vw, 254px\" title=\"\">\t\t\t\t\t\t\t\t\t\t\t\t\t\t\t<\/div>\n\t\t\t\t<\/div>\n\t\t\t\t\t<\/div>\n\t\t<\/div>\n\t\t\t\t<div class=\"elementor-column elementor-col-50 elementor-inner-column elementor-element elementor-element-38fdd07\" data-id=\"38fdd07\" data-element_type=\"column\">\n\t\t\t<div class=\"elementor-widget-wrap elementor-element-populated\">\n\t\t\t\t\t\t\t\t<div class=\"elementor-element elementor-element-9508fa3 elementor-widget elementor-widget-text-editor\" data-id=\"9508fa3\" data-element_type=\"widget\" data-widget_type=\"text-editor.default\">\n\t\t\t\t<div class=\"elementor-widget-container\">\n\t\t\t\t\t\t\t<h3>Rodrigo Demetrio<\/h3><p>Desde 2001 como Consultor de Tecnologia para Marketing e Vendas. Fundador da Comunidade Mautic Brasil. Palestrante em grandes eventos como SEBRAE, CNDL, UOL, UNESP, ESPM e DIGITALKS.<\/p>\t\t\t\t\t\t<\/div>\n\t\t\t\t<\/div>\n\t\t\t\t\t<\/div>\n\t\t<\/div>\n\t\t\t\t\t\t\t<\/div>\n\t\t<\/section>\n\t\t\t\t\t<\/div>\n\t\t<\/div>\n\t\t\t\t<div class=\"elementor-column elementor-col-50 elementor-top-column elementor-element elementor-element-15fd2d3\" data-id=\"15fd2d3\" data-element_type=\"column\" data-settings=\"{&quot;background_background&quot;:&quot;classic&quot;}\">\n\t\t\t<div class=\"elementor-widget-wrap elementor-element-populated\">\n\t\t\t\t\t\t\t\t<section class=\"elementor-section elementor-inner-section elementor-element elementor-element-c0c948f elementor-section-boxed elementor-section-height-default elementor-section-height-default\" data-id=\"c0c948f\" data-element_type=\"section\">\n\t\t\t\t\t\t<div class=\"elementor-container elementor-column-gap-default\">\n\t\t\t\t\t<div class=\"elementor-column elementor-col-100 elementor-inner-column elementor-element elementor-element-25a387d\" data-id=\"25a387d\" data-element_type=\"column\" data-settings=\"{&quot;background_background&quot;:&quot;classic&quot;}\">\n\t\t\t<div class=\"elementor-widget-wrap elementor-element-populated\">\n\t\t\t\t\t\t\t\t<div class=\"elementor-element elementor-element-92d4087 elementor-widget elementor-widget-text-editor\" data-id=\"92d4087\" data-element_type=\"widget\" data-widget_type=\"text-editor.default\">\n\t\t\t\t<div class=\"elementor-widget-container\">\n\t\t\t\t\t\t\t<p>Pode fazer o download<\/p>\t\t\t\t\t\t<\/div>\n\t\t\t\t<\/div>\n\t\t\t\t<div class=\"elementor-element elementor-element-bec62d2 elementor-align-center elementor-widget elementor-widget-button\" data-id=\"bec62d2\" data-element_type=\"widget\" data-widget_type=\"button.default\">\n\t\t\t\t<div class=\"elementor-widget-container\">\n\t\t\t\t\t<div class=\"elementor-button-wrapper\">\n\t\t\t<a href=\"https:\/\/mkt.powertic.com\/asset\/30:template-venda-agencia\" class=\"elementor-button-link elementor-button elementor-size-sm\" role=\"button\">\n\t\t\t\t\t\t<span class=\"elementor-button-content-wrapper\">\n\t\t\t\t\t\t\t<span class=\"elementor-button-icon elementor-align-icon-right\">\n\t\t\t\t<svg aria-hidden=\"true\" class=\"e-font-icon-svg e-far-arrow-alt-circle-down\"><use xlink:href=\"#far-arrow-alt-circle-down\" \/><\/svg>\t\t\t<\/span>\n\t\t\t\t\t\t<span class=\"elementor-button-text\">Download<\/span>\n\t\t<\/span>\n\t\t\t\t\t<\/a>\n\t\t<\/div>\n\t\t\t\t<\/div>\n\t\t\t\t<\/div>\n\t\t\t\t\t<\/div>\n\t\t<\/div>\n\t\t\t\t\t\t\t<\/div>\n\t\t<\/section>\n\t\t\t\t\t<\/div>\n\t\t<\/div>\n\t\t\t\t\t\t\t<\/div>\n\t\t<\/section>\n\t\t\t\t\t\t\t<\/div>","protected":false},"excerpt":{"rendered":"<p>Baixe um Template Completo de Proposta Comercial para Ag\u00eancia Digital com Venda de Automa\u00e7\u00e3o de Marketing A internet est\u00e1 recheada de tutoriais e dicas de&hellip;<\/p>","protected":false},"author":5,"featured_media":0,"parent":32729,"menu_order":0,"comment_status":"closed","ping_status":"closed","template":"elementor_header_footer","meta":{"footnotes":""},"class_list":["post-8235","page","type-page","status-publish","hentry"],"_links":{"self":[{"href":"https:\/\/powertic.com\/pt-br\/wp-json\/wp\/v2\/pages\/8235","targetHints":{"allow":["GET"]}}],"collection":[{"href":"https:\/\/powertic.com\/pt-br\/wp-json\/wp\/v2\/pages"}],"about":[{"href":"https:\/\/powertic.com\/pt-br\/wp-json\/wp\/v2\/types\/page"}],"author":[{"embeddable":true,"href":"https:\/\/powertic.com\/pt-br\/wp-json\/wp\/v2\/users\/5"}],"replies":[{"embeddable":true,"href":"https:\/\/powertic.com\/pt-br\/wp-json\/wp\/v2\/comments?post=8235"}],"version-history":[{"count":0,"href":"https:\/\/powertic.com\/pt-br\/wp-json\/wp\/v2\/pages\/8235\/revisions"}],"up":[{"embeddable":true,"href":"https:\/\/powertic.com\/pt-br\/wp-json\/wp\/v2\/pages\/32729"}],"wp:attachment":[{"href":"https:\/\/powertic.com\/pt-br\/wp-json\/wp\/v2\/media?parent=8235"}],"curies":[{"name":"wp","href":"https:\/\/api.w.org\/{rel}","templated":true}]}}