{"id":6629,"date":"2017-06-19T15:37:41","date_gmt":"2017-06-19T18:37:41","guid":{"rendered":"https:\/\/powertic.com\/?page_id=6629"},"modified":"2021-08-13T15:55:04","modified_gmt":"2021-08-13T18:55:04","slug":"politica-de-privacidade","status":"publish","type":"page","link":"https:\/\/powertic.com\/pt-br\/politica-de-privacidade\/","title":{"rendered":"Pol\u00edtica de Privacidade"},"content":{"rendered":"<div data-elementor-type=\"wp-post\" data-elementor-id=\"6629\" class=\"elementor elementor-6629\">\n\t\t\t\t\t\t\t\t\t<section class=\"elementor-section elementor-top-section elementor-element elementor-element-a012337 elementor-section-height-min-height elementor-section-boxed elementor-section-height-default elementor-section-items-middle\" data-id=\"a012337\" data-element_type=\"section\" data-settings=\"{&quot;background_background&quot;:&quot;classic&quot;}\">\n\t\t\t\t\t\t<div class=\"elementor-container elementor-column-gap-default\">\n\t\t\t\t\t<div class=\"elementor-column elementor-col-100 elementor-top-column elementor-element elementor-element-8057032\" data-id=\"8057032\" data-element_type=\"column\">\n\t\t\t<div class=\"elementor-widget-wrap elementor-element-populated\">\n\t\t\t\t\t\t\t\t<div class=\"elementor-element elementor-element-f54d253 elementor-widget elementor-widget-heading\" data-id=\"f54d253\" data-element_type=\"widget\" data-widget_type=\"heading.default\">\n\t\t\t\t<div class=\"elementor-widget-container\">\n\t\t\t<style>\/*! elementor - v3.7.4 - 31-08-2022 *\/\n.elementor-heading-title{padding:0;margin:0;line-height:1}.elementor-widget-heading .elementor-heading-title[class*=elementor-size-]>a{color:inherit;font-size:inherit;line-height:inherit}.elementor-widget-heading .elementor-heading-title.elementor-size-small{font-size:15px}.elementor-widget-heading .elementor-heading-title.elementor-size-medium{font-size:19px}.elementor-widget-heading .elementor-heading-title.elementor-size-large{font-size:29px}.elementor-widget-heading .elementor-heading-title.elementor-size-xl{font-size:39px}.elementor-widget-heading .elementor-heading-title.elementor-size-xxl{font-size:59px}<\/style><h2 class=\"elementor-heading-title elementor-size-default\">Pol\u00edtica de Privacidade Powertic<\/h2>\t\t<\/div>\n\t\t\t\t<\/div>\n\t\t\t\t\t<\/div>\n\t\t<\/div>\n\t\t\t\t\t\t\t<\/div>\n\t\t<\/section>\n\t\t\t\t<section class=\"elementor-section elementor-top-section elementor-element elementor-element-8ce349e elementor-section-boxed elementor-section-height-default elementor-section-height-default\" data-id=\"8ce349e\" data-element_type=\"section\" data-settings=\"{&quot;background_background&quot;:&quot;classic&quot;}\">\n\t\t\t\t\t\t<div class=\"elementor-container elementor-column-gap-default\">\n\t\t\t\t\t<div class=\"elementor-column elementor-col-100 elementor-top-column elementor-element elementor-element-b11d338\" data-id=\"b11d338\" data-element_type=\"column\">\n\t\t\t<div class=\"elementor-widget-wrap elementor-element-populated\">\n\t\t\t\t\t\t\t\t<div class=\"elementor-element elementor-element-5d742a35 elementor-widget elementor-widget-text-editor\" data-id=\"5d742a35\" data-element_type=\"widget\" data-widget_type=\"text-editor.default\">\n\t\t\t\t<div class=\"elementor-widget-container\">\n\t\t\t<style>\/*! elementor - v3.7.4 - 31-08-2022 *\/\n.elementor-widget-text-editor.elementor-drop-cap-view-stacked .elementor-drop-cap{background-color:#818a91;color:#fff}.elementor-widget-text-editor.elementor-drop-cap-view-framed .elementor-drop-cap{color:#818a91;border:3px solid;background-color:transparent}.elementor-widget-text-editor:not(.elementor-drop-cap-view-default) .elementor-drop-cap{margin-top:8px}.elementor-widget-text-editor:not(.elementor-drop-cap-view-default) .elementor-drop-cap-letter{width:1em;height:1em}.elementor-widget-text-editor .elementor-drop-cap{float:left;text-align:center;line-height:1;font-size:50px}.elementor-widget-text-editor .elementor-drop-cap-letter{display:inline-block}<\/style>\t\t\t\t<p><span style=\"color: var( --e-global-color-text ); font-family: var( --e-global-typography-text-font-family ), Sans-serif; font-weight: var( --e-global-typography-text-font-weight );\">A Pol\u00edtica de Privacidade da Empresa foi atualizada em Janeiro de 2021.&nbsp;<\/span><\/p>\n<p>Com o objetivo de proteger os direitos fundamentais de liberdade e de privacidade e o livre desenvolvimento da personalidade da pessoa natural, a Empresa elaborou a presente Pol\u00edtica de Privacidade, observadas as disposi\u00e7\u00f5es da Lei Geral de Prote\u00e7\u00e3o de Dados Pessoais (LGPD) \u2013 Lei n\u00b0 13.709\/2018.&nbsp;<\/p>\n<p>Para n\u00f3s \u00e9 importante ser transparente sobre o tratamento dos dados pessoais dos Usu\u00e1rios que utilizam os Servi\u00e7os oferecidos pela Empresa, nos termos do Artigo 9\u00ba da LGPD. Esta Pol\u00edtica se aplica quando o Usu\u00e1rio utiliza os nossos Servi\u00e7os.&nbsp;<\/p>\n<p><b>VERACIDADE DAS INFORMA\u00c7\u00d5ES<\/b><\/p>\n<p>Toda e qualquer informa\u00e7\u00e3o prestada pelo Usu\u00e1rio \u00e0 Empresa, principalmente seus dados&nbsp;pessoais, dever\u00e3o ser ver\u00eddicos e n\u00e3o podem violar a legisla\u00e7\u00e3o brasileira, principalmente \u00e0&nbsp;LGPD. Caso a Empresa verifique que as informa\u00e7\u00f5es fornecidas sejam inver\u00eddicas, esta poder\u00e1 excluir os dados pessoais, bem como encerrar a conta deste Usu\u00e1rio.&nbsp;<\/p>\n<p><b>O QUE S\u00c3O DADOS PESSOAIS E DADOS SENS\u00cdVEIS?<\/b><\/p>\n<p>Vamos entender qual o objeto de prote\u00e7\u00e3o desta Pol\u00edtica. Em primeiro lugar, \u00e9 importante&nbsp;saber que os \u201cDADOS PESSOAIS\u201d s\u00e3o informa\u00e7\u00f5es que podem ser usadas para identificar uma pessoa natural (f\u00edsica), sendo assim, dados de empresas (pessoas jur\u00eddicas) como raz\u00e3o social e CNPJ n\u00e3o s\u00e3o abarcados por esta pol\u00edtica.&nbsp;<\/p>\n<p>Os \u201cDADOS PESSOAIS SENS\u00cdVEIS\u201d, de acordo com a LGPD, consistem em informa\u00e7\u00f5es sobre origem racial ou \u00e9tnica, convic\u00e7\u00e3o religiosa, opini\u00e3o pol\u00edtica, filia\u00e7\u00e3o a sindicato ou organiza\u00e7\u00e3o de car\u00e1ter religioso, filos\u00f3fico ou pol\u00edtico, ou at\u00e9 mesmo dado referente \u00e0 sa\u00fade ou \u00e0 vida sexual, dado gen\u00e9tico ou biom\u00e9trico, e tamb\u00e9m s\u00e3o abarcados nesta pol\u00edtica.&nbsp;<\/p>\n<p><b>EMPRESA COMO CONTROLADORA&nbsp;<\/b><\/p>\n<p>\u00c9 importante informar que a Empresa figura como Controladora dos Dados Pessoais coletados. Mas o que isso significa? De acordo com a LGPD, a Empresa \u00e9 respons\u00e1vel por tomar as decis\u00f5es referentes ao tratamento dos Dados Pessoais de seus Usu\u00e1rios.&nbsp;&nbsp;<\/p>\n<p><b>QUAIS TIPOS DE DADOS PESSOAIS S\u00c3O COLETADOS PELA EMPRESA?&nbsp;<\/b><br>&nbsp;<br>Considerando que a Empresa oferece seus Servi\u00e7os por meio de um Sistema Web, \u00e9 necess\u00e1rio que a pessoa interessada em utilizar os Servi\u00e7os da Empresa, em primeiro lugar, realize um cadastro. Esse cadastro inicial \u00e9 chamado de Cadastro do Usu\u00e1rio.&nbsp;<\/p>\n<p>No Cadastro do Usu\u00e1rio s\u00e3o coletados os seguintes Dados Pessoais:&nbsp;&nbsp;<br><\/p>\n<ul>\n<li>Nome;<\/li>\n<li>Sobrenome;&nbsp;<\/li><li>Email;<\/li>\n<li>Data de nascimento;<\/li>\n<li>Telefone;<\/li>\n<li>Empresa.<\/li>\n<\/ul>\n<p>Referidos Dados Pessoais s\u00e3o coletados com a finalidade de identificar qual o contexto do Usu\u00e1rio em rela\u00e7\u00e3o ao assunto, de forma a permitir que a Empresa consiga oferecer conte\u00fado espec\u00edfico e apresentar Usu\u00e1rios com o mesmo perfil e as mesmas necessidades.&nbsp;<\/p>\n<p>O nome e sobrenome s\u00e3o importante para identificar a pessoa do Usu\u00e1rio; a data de nascimento&nbsp;\u00e9 utilizado para entrega de conte\u00fado gratuito no dia do anivers\u00e1rio.<\/p>\n<p>\u00c9 importante informar que os Dados Pessoais acima elencados s\u00e3o tratados, apenas e t\u00e3o somente, com a finalidade de identificar o usu\u00e1rio e otimizar sua experi\u00eancia com o uso do sistema web.&nbsp;<\/p>\n<p><b>POR QUE A EMPRESA TRATA OS DADOS PESSOAIS DOS USU\u00c1RIOS?&nbsp;<\/b><\/p>\n<p>O Cadastro de Usu\u00e1rio se submete \u00e0 hip\u00f3tese legal de execu\u00e7\u00e3o do Contrato, ou seja, s\u00f3 \u00e9 poss\u00edvel a Empresa executar os Servi\u00e7os contratados se o Usu\u00e1rio realizar o Cadastro de Usu\u00e1rio. Neste cen\u00e1rio, aplica-se o inciso VI do Artigo 7\u00ba da LGPD.&nbsp;<\/p>\n<p><b>A EMPRESA TAMB\u00c9M PODE COLETAR DADOS PESSOAIS SENS\u00cdVEIS?&nbsp;<\/b><\/p>\n<p>Como o objeto da Empresa \u00e9 conectar os usu\u00e1rios interessados em Mautic e Automa\u00e7\u00e3o de Marketing em formato de comunidade, para que dessa forma os Usu\u00e1rios se ajudem mutuamente com respostas. Conhecer a fundo o Usu\u00e1rio \u00e9 importante para que a Empresa possa oferecer seus servi\u00e7os de maneira mais adequada.&nbsp;&nbsp;<\/p>\n<p><b>COMO A EMPRESA ARMAZENA OS DADOS PESSOAIS?&nbsp;<\/b><br><\/p>\n<p>A Empresa utiliza o software open source Mautic instalado na infraestrutura&nbsp;da Contabo na Alemanha. A Contabo n\u00e3o faz tratamento de dados e apenas hospedagem.A Contabo segue a GDPR, conforme previsto em sua Pol\u00edtica de Privacidade dispon\u00edvel no site https:\/\/contabo.com\/en\/legal\/privacy\/.&nbsp;<\/p>\n<p><b>A EMPRESA PODE REALIZAR PROCESSAMENTO AUTOM\u00c1TICO?&nbsp;<\/b><\/p>\n<p>A Empresa utiliza as informa\u00e7\u00f5es e os dados que o Usu\u00e1rio forneceu para que o Usu\u00e1rio receba respostas de outros Usu\u00e1rios. Por exemplo, s\u00e3o utilizados dados e informa\u00e7\u00f5es a respeito do Usu\u00e1rio para que o identifique em uma f\u00f3rum de conversas. O Usu\u00e1rio manter seu perfil atualizado e correto ajudar\u00e1 a receber respostas mais precisas e relevantes.<\/p>\n<p><b>QUAL A DURA\u00c7\u00c3O DO TRATAMENTO DE DADOS PESSOAIS PELA EMPRESA?&nbsp;&nbsp;<\/b><\/p>\n<p>Os Dados Pessoais e os Dados Pessoais Sens\u00edveis mencionados nesta Pol\u00edtica ser\u00e3o tratados durante a execu\u00e7\u00e3o dos Servi\u00e7os oferecidos pela Empresa. Ap\u00f3s o encerramento dos Servi\u00e7os, por qualquer motivo, os Dados Pessoais permanecer\u00e3o armazenados pela Empresa pelo per\u00edodo de at\u00e9 3 anos. Tal per\u00edodo leva em considera\u00e7\u00e3o o prazo prescricional previsto no inciso V do \u00a7 3\u00ba do Artigo 206 do C\u00f3digo Civil. Portanto, a conserva\u00e7\u00e3o dos Dados Pessoais por tal per\u00edodo, mesmo ap\u00f3s o fim do per\u00edodo de tratamento pela Empresa, observa a hip\u00f3tese prevista no inciso I do Artigo 16 da LGPD.Ap\u00f3s referido prazo, a Empresa eliminar\u00e1 de seu reposit\u00f3rio os Dados Pessoais do Usu\u00e1rio.&nbsp;<\/p>\n<p><b>COMO A EMPRESA GARANTE A SEGURAN\u00c7A DAS INFORMA\u00c7\u00d5ES?&nbsp;<\/b><\/p>\n<p>Conforme previsto nos incisos VII e VIII do Artigo 6\u00ba da LGPD, que tratam do princ\u00edpio da seguran\u00e7a e preven\u00e7\u00e3o, respectivamente, a Empresa utiliza os mais modernos recursos existentes na \u00e1rea de seguran\u00e7a da informa\u00e7\u00e3o para o ambiente da internet, garantindo assim seu acesso de forma segura. As informa\u00e7\u00f5es transmitidas entre O Usu\u00e1rio e a Empresa passam por um processo seguro utilizando o SSL (Secure Sockets Layer)<\/p>\n<p><b>A EMPRESA UTILIZA COOKIES?&nbsp;<br><\/b><\/p>\n<p>A Empresa coleta dados que identifiquem sua visita no site ou aplicativo para lhe oferecer uma experi\u00eancia melhor e personalizada, al\u00e9m de algumas informa\u00e7\u00f5es, como tipo de navegador, resolu\u00e7\u00e3o da tela e data de acesso, obtidos por meio de relat\u00f3rios gerados via logs, rotinas javascript e cookies, este \u00faltimo tamb\u00e9m utilizado em relat\u00f3rios estat\u00edsticos para aperfei\u00e7oamento da navega\u00e7\u00e3o, dos servi\u00e7os oferecidos e para contagem do n\u00famero de visitantes e acessos, facilitando assim a defini\u00e7\u00e3o do parque tecnol\u00f3gico instalado para o site.&nbsp;<br><\/p>\n<p>Caso o Usu\u00e1rio preencha voluntariamente algum formul\u00e1rio em nosso site, essas informa\u00e7\u00f5es somente ser\u00e3o usadas para o prop\u00f3sito com o qual elas foram preenchidas e&nbsp;que est\u00e3o esclarecidas na p\u00e1gina de cada cadastro. Sob nenhuma circunst\u00e2ncia seus dados ser\u00e3o fornecidos ou vendidos a terceiros.<\/p>\n<p><b>A EMPRESA UTILIZA SEUS DADOS PARA FINS DE MARKETING?&nbsp;<\/b><br><\/p>\n<p>O site e aplicativo da Empresa n\u00e3o aceitam e nem fazem publicidade de outras marcas ou somente de parceiros. Os conte\u00fados exibidos em suas p\u00e1ginas s\u00e3o de finalidade editorial e car\u00e1ter informativo. Os banners existentes s\u00e3o apenas para dar mais \u00eanfase aos conte\u00fados que merecem maior aten\u00e7\u00e3o dos nossos Usu\u00e1rios.&nbsp;<\/p>\n<p><b>A EMPRESA COMPARTILHA OS DADOS COLETADOS COM TERCEIROS?&nbsp;<\/b><br><\/p>\n<p>Observado o inciso V do Artigo 9\u00ba da LGPD, a Empresa informa que n\u00e3o compartilha, vende, aluga ou divulga qualquer informa\u00e7\u00e3o de seus Usu\u00e1rios.&nbsp;&nbsp;<\/p>\n<p>Todos os cookies utilizados s\u00e3o:&nbsp;<br><\/p>\n<ul>\n<li>Google Analytics<\/li>\n<li>Mautic<\/li>\n<li>Google Tag Manager&nbsp;<\/li>\n<li>Facebook Ads Pixel&nbsp;<\/li>\n<li>Google Ads&nbsp;<\/li>\n<li>Hubspot<\/li>\n<\/ul>\n<p>Faz-se saber que a Empresa utiliza Google Analytics, uma ferramenta de an\u00e1lise de dados da internet (web analytics), para acompanhar os dados de audi\u00eancia do aplicativo e entender como os visitantes interagem e navegam por nossas p\u00e1ginas.&nbsp;<\/p>\n<p><\/p>\n<p>O Google Analytics coleta informa\u00e7\u00f5es de forma an\u00f4nima, ou seja, relata as tend\u00eancias do site, como p\u00e1ginas visitadas, tempo de perman\u00eancia no site, entre outras informa\u00e7\u00f5es, sem identificar visitantes individuais. Portanto, os dados pessoais compartilhados pelo Google Analytics com a Empresa s\u00e3o anonimizados, nos termos do inciso III do Artigo 5\u00ba da LGPD.&nbsp; &nbsp; &nbsp; &nbsp; &nbsp; &nbsp; &nbsp; &nbsp; &nbsp; &nbsp; &nbsp; &nbsp; &nbsp; &nbsp;&nbsp;<\/p>\n<p>Neste sentido, n\u00e3o se aplica a LGPD, conforme previsto no seu Artigo 12. Vale ressaltar que nenhuma informa\u00e7\u00e3o pessoal, como nome, e-mail ou telefone, \u00e9 recolhida pelo Google Analytics.<\/p>\n<p>Mais detalhes sobre a pol\u00edtica de privacidade do Google Analytics pode ser encontrada aqui http:\/\/www.google.com\/intl\/en_uk\/analytics\/privacyoverview.html&nbsp;&nbsp;<\/p>\n<p>O site e sistema web da Empresa est\u00e1 na infraestrutura da Contabo Alemanha. Neste sentido, tanto o Empresa como a Contabo poder\u00e3o ter acesso a determinadas informa\u00e7\u00f5es inseridas no sistema web da Empresa. Fica consignado que tais empresas s\u00f3 acessar\u00e3o os dados pessoais inseridos no aplicativo da Empresa, se necess\u00e1rio, e nos estritos termos previstos na LGPD.<\/p>\n<p><b>DO DIREITO DO USU\u00c1RIO, COMO TITULAR DOS DADOS PESSOAIS&nbsp;<\/b><\/p>\n<p>Conforme previsto no Artigo 18 da LGPD, \u00e9 assegurado ao Usu\u00e1rio, a qualquer momento, mediante requisi\u00e7\u00e3o \u00e0 Empresa por meio do e-mail help@powertic.com, requerer:&nbsp;<\/p>\n<ul>\n<li>Confirma\u00e7\u00e3o da exist\u00eancia de tratamento dos Dados Pessoais;&nbsp;<\/li>\n<li>Acesso aos Dados Pessoais os quais a Empresa trata;&nbsp;<\/li>\n<li>Corre\u00e7\u00e3o de dados incompletos, inexatos ou desatualizados;&nbsp;<\/li>\n<li>Anonimiza\u00e7\u00e3o, bloqueio ou elimina\u00e7\u00e3o de dados desnecess\u00e1rios, excessivos ou tratados em desconformidade com a LGPD;&nbsp;<\/li>\n<li>Portabilidade dos dados a outro fornecedor;&nbsp;<\/li>\n<li>Elimina\u00e7\u00e3o do Dados Pessoais tratados com o consentimento do Usu\u00e1rio, exceto nas hip\u00f3teses previstas no Artigo 16 da LGPD;&nbsp;<\/li>\n<li>Informa\u00e7\u00e3o das entidades p\u00fablicas e privadas com as quais a Empresa realizou uso compartilhado de dados;<\/li>\n<li>Informa\u00e7\u00e3o sobre a possibilidade de n\u00e3o fornecer consentimento e sobre as consequ\u00eancias negativa; e&nbsp;<\/li>\n<li>Revoga\u00e7\u00e3o do consentimento, quando aplic\u00e1vel.&nbsp;<\/li>\n<\/ul>\n<p>Caso o Usu\u00e1rio queira ter a confirma\u00e7\u00e3o de exist\u00eancia ou o acesso aos seus Dados Pessoais, a Empresa providenciar\u00e1 em at\u00e9 5 dias \u00fateis, contado da data do requerimento do Usu\u00e1rio, tais informa\u00e7\u00f5es em formato simplificado; e em at\u00e9 15 dias, contado da data do requerimento do Usu\u00e1rio, uma declara\u00e7\u00e3o clara e completa, que indique a origem dos dados, a inexist\u00eancia de registro, os crit\u00e9rios utilizados e a finalidade do tratamento, observados os segredos comercial e industrial.&nbsp;<br><\/p>\n<p><b>ALTERA\u00c7\u00c3O NESTA POL\u00cdTICA DE PRIVACIDADE<\/b>&nbsp;<\/p>\n<p>Na hip\u00f3tese de ocorrer qualquer altera\u00e7\u00e3o em rela\u00e7\u00e3o \u00e0 finalidade espec\u00edfica do tratamento de Dados Pessoais e Dados Pessoais Sens\u00edveis prevista, ou na forma e dura\u00e7\u00e3o do referido tratamento, na identifica\u00e7\u00e3o da Empresa como controladora dos dados ou nas informa\u00e7\u00f5es compartilhadas pela Empresa e sua finalidade, esta se compromete a informar aos Usu\u00e1rios, com destaque de forma espec\u00edfica do teor das altera\u00e7\u00f5es, conforme previsto no \u00a7 6\u00ba do Artigo 8\u00ba da LGPD.&nbsp;<\/p>\n<p><b>ENCARREGADO DA EMPRESA<\/b><\/p>\n<p>Caso o Usu\u00e1rio tenha qualquer d\u00favida em rela\u00e7\u00e3o ao tratamento de seus Dados Pessoais ou queira exercer quaisquer de seus direitos como titular do dado pessoal, basta entrar em contato com o Encarregado da Empresa, Rodrigo Demetrio por meio do e-mail help@powertic.com.&nbsp;<\/p>\t\t\t\t\t\t<\/div>\n\t\t\t\t<\/div>\n\t\t\t\t\t<\/div>\n\t\t<\/div>\n\t\t\t\t\t\t\t<\/div>\n\t\t<\/section>\n\t\t\t\t\t\t\t<\/div>","protected":false},"excerpt":{"rendered":"<p>Pol\u00edtica de Privacidade Powertic A Pol\u00edtica de Privacidade da Empresa foi atualizada em Janeiro de 2021.&nbsp; Com o objetivo de proteger os direitos fundamentais de&hellip;<\/p>","protected":false},"author":5,"featured_media":6632,"parent":0,"menu_order":0,"comment_status":"closed","ping_status":"closed","template":"elementor_header_footer","meta":{"footnotes":""},"class_list":["post-6629","page","type-page","status-publish","has-post-thumbnail","hentry"],"_links":{"self":[{"href":"https:\/\/powertic.com\/pt-br\/wp-json\/wp\/v2\/pages\/6629","targetHints":{"allow":["GET"]}}],"collection":[{"href":"https:\/\/powertic.com\/pt-br\/wp-json\/wp\/v2\/pages"}],"about":[{"href":"https:\/\/powertic.com\/pt-br\/wp-json\/wp\/v2\/types\/page"}],"author":[{"embeddable":true,"href":"https:\/\/powertic.com\/pt-br\/wp-json\/wp\/v2\/users\/5"}],"replies":[{"embeddable":true,"href":"https:\/\/powertic.com\/pt-br\/wp-json\/wp\/v2\/comments?post=6629"}],"version-history":[{"count":0,"href":"https:\/\/powertic.com\/pt-br\/wp-json\/wp\/v2\/pages\/6629\/revisions"}],"wp:featuredmedia":[{"embeddable":true,"href":"https:\/\/powertic.com\/pt-br\/wp-json\/"}],"wp:attachment":[{"href":"https:\/\/powertic.com\/pt-br\/wp-json\/wp\/v2\/media?parent=6629"}],"curies":[{"name":"wp","href":"https:\/\/api.w.org\/{rel}","templated":true}]}}