{"id":63241,"date":"2021-02-01T19:58:43","date_gmt":"2021-02-01T22:58:43","guid":{"rendered":"https:\/\/powertic.com\/?page_id=63241"},"modified":"2021-11-21T18:17:00","modified_gmt":"2021-11-21T21:17:00","slug":"servicos-de-execucao-mautic","status":"publish","type":"page","link":"https:\/\/powertic.com\/pt-br\/servicos-de-execucao-mautic\/","title":{"rendered":"Servi\u00e7os de Execu\u00e7\u00e3o Mautic"},"content":{"rendered":"<div data-elementor-type=\"wp-page\" data-elementor-id=\"63241\" class=\"elementor elementor-63241\">\n\t\t\t\t\t\t\t\t\t<section class=\"elementor-section elementor-top-section elementor-element elementor-element-1a80926a elementor-section-boxed elementor-section-height-default elementor-section-height-default\" data-id=\"1a80926a\" data-element_type=\"section\">\n\t\t\t\t\t\t<div class=\"elementor-container elementor-column-gap-default\">\n\t\t\t\t\t<div class=\"elementor-column elementor-col-100 elementor-top-column elementor-element elementor-element-6e7244a9\" data-id=\"6e7244a9\" data-element_type=\"column\">\n\t\t\t<div class=\"elementor-widget-wrap elementor-element-populated\">\n\t\t\t\t\t\t\t\t<div class=\"elementor-element elementor-element-16374edf elementor-widget elementor-widget-text-editor\" data-id=\"16374edf\" data-element_type=\"widget\" data-widget_type=\"text-editor.default\">\n\t\t\t\t<div class=\"elementor-widget-container\">\n\t\t\t<style>\/*! elementor - v3.7.4 - 31-08-2022 *\/\n.elementor-widget-text-editor.elementor-drop-cap-view-stacked .elementor-drop-cap{background-color:#818a91;color:#fff}.elementor-widget-text-editor.elementor-drop-cap-view-framed .elementor-drop-cap{color:#818a91;border:3px solid;background-color:transparent}.elementor-widget-text-editor:not(.elementor-drop-cap-view-default) .elementor-drop-cap{margin-top:8px}.elementor-widget-text-editor:not(.elementor-drop-cap-view-default) .elementor-drop-cap-letter{width:1em;height:1em}.elementor-widget-text-editor .elementor-drop-cap{float:left;text-align:center;line-height:1;font-size:50px}.elementor-widget-text-editor .elementor-drop-cap-letter{display:inline-block}<\/style>\t\t\t\t<p><!-- wp:paragraph --><\/p>\n<p><span style=\"font-weight: bolder;\">OPERADOR MAUTIC<\/span><\/p>\n<p>O operador de Mautic consiste apenas na execu\u00e7\u00e3o dentro do Mautic, n\u00e3o est\u00e1 inclu\u00eddo cria\u00e7\u00e3o de texto e imagens apenas a cria\u00e7\u00e3o dos HTMLs da arte e texto que voc\u00ea j\u00e1 preparou. Executaremos tudo que for necess\u00e1rio para o envio das campanhas.&nbsp;<\/p>\n<p>&#8211; Executar atrav\u00e9s de constru\u00e7\u00e3o de emails e tudo que for necess\u00e1rio para at\u00e9 8 campanhas\/disparos emails m\u00eas;<br>&#8211; Importa\u00e7\u00e3o de at\u00e9 1 lista por m\u00eas;<br>&#8211; Passar contatos em software de valida\u00e7\u00e3o de email at\u00e9 10k contatos m\u00eas (planos opcionais para mais);<br>&#8211; Organiza\u00e7\u00e3o das listas em segmentos com cria\u00e7\u00e3o de tag e tudo para rastrear quem clicou, abriu e quem n\u00e3o existe;<br>&#8211; Cria\u00e7\u00e3o de at\u00e9 8 HTMLs com o texto e arte enviada;<br>&#8211; Cria\u00e7\u00e3o dos segmentos e gatilhos necess\u00e1rios para o envio;<br>&#8211; Cria\u00e7\u00e3o dos ativos necess\u00e1rios para os envios;<br>&#8211; Envio de teste de performance de entregabilidade de email;<br>&#8211; Envio de link com relat\u00f3rio.<\/p>\n<p><b>R$2.500 mensal at\u00e9 8 entreg\u00e1veis que pode ser: campanhas\/email ou landing pages (contrato anual).<\/b>&nbsp;<\/p>\n<p>Lembrando que n\u00e3o tem cria\u00e7\u00e3o. Esse servi\u00e7o \u00e9 de execu\u00e7\u00e3o do design e textos enviados. Ativa\u00e7\u00e3o do plano \u00e9 necess\u00e1rio o pagamento antecipado de 2 mensalidades e absten\u00e7\u00e3o da 12\u00ba mensalidade.<\/p>\n<p><\/p>\n<p><!-- \/wp:paragraph --><\/p>\t\t\t\t\t\t<\/div>\n\t\t\t\t<\/div>\n\t\t\t\t\t<\/div>\n\t\t<\/div>\n\t\t\t\t\t\t\t<\/div>\n\t\t<\/section>\n\t\t\t\t\t\t\t<\/div>","protected":false},"excerpt":{"rendered":"<p>OPERADOR MAUTIC O operador de Mautic consiste apenas na execu\u00e7\u00e3o dentro do Mautic, n\u00e3o est\u00e1 inclu\u00eddo cria\u00e7\u00e3o de texto e imagens apenas a cria\u00e7\u00e3o dos&hellip;<\/p>","protected":false},"author":5,"featured_media":0,"parent":0,"menu_order":0,"comment_status":"closed","ping_status":"closed","template":"elementor_header_footer","meta":{"footnotes":""},"class_list":["post-63241","page","type-page","status-publish","hentry"],"_links":{"self":[{"href":"https:\/\/powertic.com\/pt-br\/wp-json\/wp\/v2\/pages\/63241","targetHints":{"allow":["GET"]}}],"collection":[{"href":"https:\/\/powertic.com\/pt-br\/wp-json\/wp\/v2\/pages"}],"about":[{"href":"https:\/\/powertic.com\/pt-br\/wp-json\/wp\/v2\/types\/page"}],"author":[{"embeddable":true,"href":"https:\/\/powertic.com\/pt-br\/wp-json\/wp\/v2\/users\/5"}],"replies":[{"embeddable":true,"href":"https:\/\/powertic.com\/pt-br\/wp-json\/wp\/v2\/comments?post=63241"}],"version-history":[{"count":0,"href":"https:\/\/powertic.com\/pt-br\/wp-json\/wp\/v2\/pages\/63241\/revisions"}],"wp:attachment":[{"href":"https:\/\/powertic.com\/pt-br\/wp-json\/wp\/v2\/media?parent=63241"}],"curies":[{"name":"wp","href":"https:\/\/api.w.org\/{rel}","templated":true}]}}