{"id":43030,"date":"2019-10-18T16:39:17","date_gmt":"2019-10-18T19:39:17","guid":{"rendered":"https:\/\/powertic.com\/?page_id=43030"},"modified":"2019-11-01T15:07:55","modified_gmt":"2019-11-01T18:07:55","slug":"mautics","status":"publish","type":"page","link":"https:\/\/powertic.com\/pt-br\/mautics\/","title":{"rendered":"Mautics"},"content":{"rendered":"<div data-elementor-type=\"wp-page\" data-elementor-id=\"43030\" class=\"elementor elementor-43030\">\n\t\t\t\t\t\t\t\t\t<section class=\"elementor-section elementor-top-section elementor-element elementor-element-28520e86 elementor-section-full_width elementor-section-height-default elementor-section-height-default\" data-id=\"28520e86\" data-element_type=\"section\">\n\t\t\t\t\t\t<div class=\"elementor-container elementor-column-gap-no\">\n\t\t\t\t\t<div class=\"elementor-column elementor-col-100 elementor-top-column elementor-element elementor-element-55a9ca75\" data-id=\"55a9ca75\" data-element_type=\"column\">\n\t\t\t<div class=\"elementor-widget-wrap elementor-element-populated\">\n\t\t\t\t\t\t\t\t<div class=\"elementor-element elementor-element-7154e70 elementor-widget elementor-widget-spacer\" data-id=\"7154e70\" data-element_type=\"widget\" data-widget_type=\"spacer.default\">\n\t\t\t\t<div class=\"elementor-widget-container\">\n\t\t\t<style>\/*! elementor - v3.7.4 - 31-08-2022 *\/\n.elementor-column .elementor-spacer-inner{height:var(--spacer-size)}.e-container{--container-widget-width:100%}.e-container>.elementor-widget-spacer{width:var(--container-widget-width,var(--spacer-size));-ms-flex-item-align:stretch;align-self:stretch;-ms-flex-negative:0;flex-shrink:0}.e-container>.elementor-widget-spacer>.elementor-widget-container,.e-container>.elementor-widget-spacer>.elementor-widget-container>.elementor-spacer{height:100%}.e-container>.elementor-widget-spacer>.elementor-widget-container>.elementor-spacer>.elementor-spacer-inner{height:var(--container-widget-height,var(--spacer-size))}<\/style>\t\t<div class=\"elementor-spacer\">\n\t\t\t<div class=\"elementor-spacer-inner\"><\/div>\n\t\t<\/div>\n\t\t\t\t<\/div>\n\t\t\t\t<\/div>\n\t\t\t\t<section class=\"elementor-section elementor-inner-section elementor-element elementor-element-1eb023a elementor-section-boxed elementor-section-height-default elementor-section-height-default\" data-id=\"1eb023a\" data-element_type=\"section\">\n\t\t\t\t\t\t<div class=\"elementor-container elementor-column-gap-default\">\n\t\t\t\t\t<div class=\"elementor-column elementor-col-50 elementor-inner-column elementor-element elementor-element-5a4e546\" data-id=\"5a4e546\" data-element_type=\"column\">\n\t\t\t<div class=\"elementor-widget-wrap elementor-element-populated\">\n\t\t\t\t\t\t\t\t<div class=\"elementor-element elementor-element-ab164e3 bt-secundario elementor-widget elementor-widget-uael-modal-popup\" data-id=\"ab164e3\" data-element_type=\"widget\" data-widget_type=\"uael-modal-popup.default\">\n\t\t\t\t<div class=\"elementor-widget-container\">\n\t\t\t<div id=\"ab164e3-overlay\" data-trigger-on=\"button\" data-close-on-esc=\"no\" data-close-on-overlay=\"no\" data-exit-intent=\"no\" data-after-sec=\"no\" data-after-sec-val=\"1\" data-cookies=\"no\" data-cookies-days=\"1\" data-cookies-type=\"default\" data-custom=\"\" data-custom-id=\"\" data-content=\"saved_rows\" data-autoplay=\"no\" data-device=\"false\" data-async=\"\" class=\"uael-modal-parent-wrapper uael-module-content uamodal-ab164e3 uael-aspect-ratio-16_9 bt-secundario-popup\">\n\t<div id=\"modal-ab164e3\" class=\"uael-modal uael-center-modal uael-modal-custom uael-modal-saved_rows uael-effect-1   uael-aspect-ratio-16_9\">\n\t\t<div class=\"uael-content\">\n\t\t\t\n\t\t<span class=\"uael-modal-close uael-close-icon elementor-clickable uael-close-custom-popup-top-right\" >\n\t\t<svg aria-hidden=\"true\" class=\"e-font-icon-svg e-fas-times\"><use xlink:href=\"#fas-times\" \/><\/svg>\t\t<\/span>\n\t\t\t\t\t<div class=\"uael-modal-text uael-modal-content-data clearfix\">\n\t\t\t\t\t<div data-elementor-type=\"section\" data-elementor-id=\"45142\" class=\"elementor elementor-45142\">\n\t\t\t\t\t\t\t\t<section class=\"elementor-section elementor-top-section elementor-element elementor-element-4df6f49 elementor-section-boxed elementor-section-height-default elementor-section-height-default\" data-id=\"4df6f49\" data-element_type=\"section\">\n\t\t\t\t\t\t<div class=\"elementor-container elementor-column-gap-default\">\n\t\t\t\t\t<div class=\"elementor-column elementor-col-100 elementor-top-column elementor-element elementor-element-7961a64\" data-id=\"7961a64\" data-element_type=\"column\">\n\t\t\t<div class=\"elementor-widget-wrap\">\n\t\t\t\t\t\t\t\t\t<\/div>\n\t\t<\/div>\n\t\t\t\t\t\t\t<\/div>\n\t\t<\/section>\n\t\t\t\t\t\t<\/div>\n\t\t\t\t\t<\/div>\n\t\t<\/div>\n\t<\/div>\n\n\t\t<div class=\"uael-overlay\"><\/div>\n<\/div>\n\n<div class=\"uael-modal-action-wrap\">\n\t\t\t<div class=\"uael-button-wrapper elementor-button-wrapper elementor-align-left\">\n\t\t\t<a href=\"javascript:void(0);\" class=\"uael-trigger elementor-button-link elementor-button elementor-clickable elementor-size-sm\" data-modal=\"ab164e3\">\n\t\t\t\t\t\t<span class=\"elementor-button-content-wrapper\">\n\n\t\t\t\t\t\t\t\t\t\t\t\t<span class=\"elementor-align-icon- elementor-button-icon\">\n\t\t\t\t\t\t\t\t\t\t\t<\/span>\n\t\t\t\t\t\t\t\t\t\t\t<span class=\"elementor-button-text elementor-inline-editing\" data-elementor-setting-key=\"btn_text\" data-elementor-inline-editing-toolbar=\"none\" >Novo Mautic Gratuito<\/span>\n\t\t<\/span>\n\t\t\t\t\t<\/a>\n\t\t<\/div>\n\t\t<\/div>\n\t\t<\/div>\n\t\t\t\t<\/div>\n\t\t\t\t\t<\/div>\n\t\t<\/div>\n\t\t\t\t<div class=\"elementor-column elementor-col-50 elementor-inner-column elementor-element elementor-element-3829d02\" data-id=\"3829d02\" data-element_type=\"column\">\n\t\t\t<div class=\"elementor-widget-wrap elementor-element-populated\">\n\t\t\t\t\t\t\t\t<div class=\"elementor-element elementor-element-2368190 elementor-align-left elementor-widget elementor-widget-button\" data-id=\"2368190\" data-element_type=\"widget\" data-widget_type=\"button.default\">\n\t\t\t\t<div class=\"elementor-widget-container\">\n\t\t\t\t\t<div class=\"elementor-button-wrapper\">\n\t\t\t<a href=\"https:\/\/powertic.com\/pt-br\/precos\/\" target=\"_blank\" rel=\"nofollow\" class=\"elementor-button-link elementor-button elementor-size-sm\" role=\"button\">\n\t\t\t\t\t\t<span class=\"elementor-button-content-wrapper\">\n\t\t\t\t\t\t<span class=\"elementor-button-text\">Novo Mautic Completo<\/span>\n\t\t<\/span>\n\t\t\t\t\t<\/a>\n\t\t<\/div>\n\t\t\t\t<\/div>\n\t\t\t\t<\/div>\n\t\t\t\t\t<\/div>\n\t\t<\/div>\n\t\t\t\t\t\t\t<\/div>\n\t\t<\/section>\n\t\t\t\t<div class=\"elementor-element elementor-element-6a017b15 elementor-widget elementor-widget-text-editor\" data-id=\"6a017b15\" data-element_type=\"widget\" data-widget_type=\"text-editor.default\">\n\t\t\t\t<div class=\"elementor-widget-container\">\n\t\t\t<style>\/*! elementor - v3.7.4 - 31-08-2022 *\/\n.elementor-widget-text-editor.elementor-drop-cap-view-stacked .elementor-drop-cap{background-color:#818a91;color:#fff}.elementor-widget-text-editor.elementor-drop-cap-view-framed .elementor-drop-cap{color:#818a91;border:3px solid;background-color:transparent}.elementor-widget-text-editor:not(.elementor-drop-cap-view-default) .elementor-drop-cap{margin-top:8px}.elementor-widget-text-editor:not(.elementor-drop-cap-view-default) .elementor-drop-cap-letter{width:1em;height:1em}.elementor-widget-text-editor .elementor-drop-cap{float:left;text-align:center;line-height:1;font-size:50px}.elementor-widget-text-editor .elementor-drop-cap-letter{display:inline-block}<\/style>\t\t\t\t<!-- wp:shortcode -->\n<p>[lista_mautics]<\/p>\n<!-- \/wp:shortcode -->\t\t\t\t\t\t<\/div>\n\t\t\t\t<\/div>\n\t\t\t\t\t<\/div>\n\t\t<\/div>\n\t\t\t\t\t\t\t<\/div>\n\t\t<\/section>\n\t\t\t\t\t\t\t<\/div>","protected":false},"excerpt":{"rendered":"<p>1 Site 2 Escolha VPS 3 Quantos Contatos 1) Qual site que ser\u00e1 usado o Mautic? Continuar Instala\u00e7\u00e3o 2) Qual VPS voc\u00ea vai instalar o&hellip;<\/p>","protected":false},"author":4,"featured_media":0,"parent":0,"menu_order":0,"comment_status":"closed","ping_status":"closed","template":"","meta":{"footnotes":""},"class_list":["post-43030","page","type-page","status-publish","hentry"],"_links":{"self":[{"href":"https:\/\/powertic.com\/pt-br\/wp-json\/wp\/v2\/pages\/43030","targetHints":{"allow":["GET"]}}],"collection":[{"href":"https:\/\/powertic.com\/pt-br\/wp-json\/wp\/v2\/pages"}],"about":[{"href":"https:\/\/powertic.com\/pt-br\/wp-json\/wp\/v2\/types\/page"}],"author":[{"embeddable":true,"href":"https:\/\/powertic.com\/pt-br\/wp-json\/wp\/v2\/users\/4"}],"replies":[{"embeddable":true,"href":"https:\/\/powertic.com\/pt-br\/wp-json\/wp\/v2\/comments?post=43030"}],"version-history":[{"count":0,"href":"https:\/\/powertic.com\/pt-br\/wp-json\/wp\/v2\/pages\/43030\/revisions"}],"wp:attachment":[{"href":"https:\/\/powertic.com\/pt-br\/wp-json\/wp\/v2\/media?parent=43030"}],"curies":[{"name":"wp","href":"https:\/\/api.w.org\/{rel}","templated":true}]}}