{"id":32442,"date":"2019-06-27T07:13:31","date_gmt":"2019-06-27T10:13:31","guid":{"rendered":"https:\/\/powertic.com\/pt-br\/?page_id=32442"},"modified":"2019-12-23T16:03:48","modified_gmt":"2019-12-23T19:03:48","slug":"ebook-automacao-marketing","status":"publish","type":"page","link":"https:\/\/powertic.com\/pt-br\/guias\/ebook-automacao-marketing\/","title":{"rendered":"Ebook Automa\u00e7\u00e3o de Marketing"},"content":{"rendered":"<div data-elementor-type=\"wp-post\" data-elementor-id=\"32442\" class=\"elementor elementor-32442\">\n\t\t\t\t\t\t\t\t\t<section class=\"elementor-section elementor-top-section elementor-element elementor-element-2a728f5 elementor-section-height-min-height elementor-section-boxed elementor-section-height-default elementor-section-items-middle\" data-id=\"2a728f5\" data-element_type=\"section\" data-settings=\"{&quot;background_background&quot;:&quot;classic&quot;}\">\n\t\t\t\t\t\t<div class=\"elementor-container elementor-column-gap-default\">\n\t\t\t\t\t<div class=\"elementor-column elementor-col-100 elementor-top-column elementor-element elementor-element-7a80697\" data-id=\"7a80697\" data-element_type=\"column\">\n\t\t\t<div class=\"elementor-widget-wrap elementor-element-populated\">\n\t\t\t\t\t\t\t\t<div class=\"elementor-element elementor-element-72aa222 elementor-widget elementor-widget-heading\" data-id=\"72aa222\" data-element_type=\"widget\" data-widget_type=\"heading.default\">\n\t\t\t\t<div class=\"elementor-widget-container\">\n\t\t\t<style>\/*! elementor - v3.7.4 - 31-08-2022 *\/\n.elementor-heading-title{padding:0;margin:0;line-height:1}.elementor-widget-heading .elementor-heading-title[class*=elementor-size-]>a{color:inherit;font-size:inherit;line-height:inherit}.elementor-widget-heading .elementor-heading-title.elementor-size-small{font-size:15px}.elementor-widget-heading .elementor-heading-title.elementor-size-medium{font-size:19px}.elementor-widget-heading .elementor-heading-title.elementor-size-large{font-size:29px}.elementor-widget-heading .elementor-heading-title.elementor-size-xl{font-size:39px}.elementor-widget-heading .elementor-heading-title.elementor-size-xxl{font-size:59px}<\/style><h2 class=\"elementor-heading-title elementor-size-default\">E-book de Automa\u00e7\u00e3o de Marketing\n<\/h2>\t\t<\/div>\n\t\t\t\t<\/div>\n\t\t\t\t<div class=\"elementor-element elementor-element-c08d13f elementor-widget elementor-widget-heading\" data-id=\"c08d13f\" data-element_type=\"widget\" data-widget_type=\"heading.default\">\n\t\t\t\t<div class=\"elementor-widget-container\">\n\t\t\t<h2 class=\"elementor-heading-title elementor-size-default\">Entenda o que \u00e9 Automa\u00e7\u00e3o de Marketing e como ela pode ajudar sua empresa a aumentar as vendas.<\/h2>\t\t<\/div>\n\t\t\t\t<\/div>\n\t\t\t\t\t<\/div>\n\t\t<\/div>\n\t\t\t\t\t\t\t<\/div>\n\t\t<\/section>\n\t\t\t\t<section class=\"elementor-section elementor-inner-section elementor-element elementor-element-48d0bb1b elementor-section-boxed elementor-section-height-default elementor-section-height-default\" data-id=\"48d0bb1b\" data-element_type=\"section\">\n\t\t\t\t\t\t<div class=\"elementor-container elementor-column-gap-default\">\n\t\t\t\t\t\t\t\t<\/div>\n\t\t<\/section>\n\t\t\t\t<section class=\"elementor-section elementor-top-section elementor-element elementor-element-4f4f1bdd elementor-section-boxed elementor-section-height-default elementor-section-height-default\" data-id=\"4f4f1bdd\" data-element_type=\"section\" data-settings=\"{&quot;background_background&quot;:&quot;classic&quot;}\">\n\t\t\t\t\t\t<div class=\"elementor-container elementor-column-gap-default\">\n\t\t\t\t\t<div class=\"elementor-column elementor-col-33 elementor-top-column elementor-element elementor-element-50377ea7\" data-id=\"50377ea7\" data-element_type=\"column\">\n\t\t\t<div class=\"elementor-widget-wrap elementor-element-populated\">\n\t\t\t\t\t\t\t\t<div class=\"elementor-element elementor-element-2f19a22 elementor-widget elementor-widget-image\" data-id=\"2f19a22\" data-element_type=\"widget\" data-widget_type=\"image.default\">\n\t\t\t\t<div class=\"elementor-widget-container\">\n\t\t\t<style>\/*! elementor - v3.7.4 - 31-08-2022 *\/\n.elementor-widget-image{text-align:center}.elementor-widget-image a{display:inline-block}.elementor-widget-image a img[src$=\".svg\"]{width:48px}.elementor-widget-image img{vertical-align:middle;display:inline-block}<\/style>\t\t\t\t\t\t\t\t\t\t\t\t<img loading=\"lazy\" decoding=\"async\" width=\"554\" height=\"720\" src=\"https:\/\/powertic.com\/wp-content\/uploads\/2019\/09\/ebook-automacao-marketing-1.jpg\" class=\"attachment-large size-large\" alt=\"Capa do ebook Guia Essencial de Automa\u00e7\u00e3o de Marketing\" srcset=\"https:\/\/powertic.com\/wp-content\/uploads\/2019\/09\/ebook-automacao-marketing-1.jpg 554w,  https:\/\/powertic.com\/wp-content\/uploads\/2019\/09\/ebook-automacao-marketing-1-231x300.jpg 231w\" sizes=\"auto, (max-width: 554px) 100vw, 554px\" title=\"\">\t\t\t\t\t\t\t\t\t\t\t\t\t\t\t<\/div>\n\t\t\t\t<\/div>\n\t\t\t\t\t<\/div>\n\t\t<\/div>\n\t\t\t\t<div class=\"elementor-column elementor-col-33 elementor-top-column elementor-element elementor-element-3aafea8\" data-id=\"3aafea8\" data-element_type=\"column\">\n\t\t\t<div class=\"elementor-widget-wrap elementor-element-populated\">\n\t\t\t\t\t\t\t\t<div class=\"elementor-element elementor-element-ec2b0fc elementor-widget elementor-widget-text-editor\" data-id=\"ec2b0fc\" data-element_type=\"widget\" data-widget_type=\"text-editor.default\">\n\t\t\t\t<div class=\"elementor-widget-container\">\n\t\t\t<style>\/*! elementor - v3.7.4 - 31-08-2022 *\/\n.elementor-widget-text-editor.elementor-drop-cap-view-stacked .elementor-drop-cap{background-color:#818a91;color:#fff}.elementor-widget-text-editor.elementor-drop-cap-view-framed .elementor-drop-cap{color:#818a91;border:3px solid;background-color:transparent}.elementor-widget-text-editor:not(.elementor-drop-cap-view-default) .elementor-drop-cap{margin-top:8px}.elementor-widget-text-editor:not(.elementor-drop-cap-view-default) .elementor-drop-cap-letter{width:1em;height:1em}.elementor-widget-text-editor .elementor-drop-cap{float:left;text-align:center;line-height:1;font-size:50px}.elementor-widget-text-editor .elementor-drop-cap-letter{display:inline-block}<\/style>\t\t\t\t<ul style=\"font-size: 18px; color: #333333; line-height: 40px;\"><li>Guia comparativo entre as principais ferramentas do mercado;<\/li><li>Cuidados importantes antes de partir para ferramenta de Automa\u00e7\u00e3o;<\/li><li>Nutri\u00e7\u00e3o, Lead Scoring, e todos os termos que voc\u00ea precisa conhecer;<\/li><li>52 p\u00e1ginas de conte\u00fado com muitas refer\u00eancias;<\/li><li style=\"font-size: 18px;\">Conte\u00fado sem favorecimento de ferramenta A ou B.<\/li><\/ul>\t\t\t\t\t\t<\/div>\n\t\t\t\t<\/div>\n\t\t\t\t\t<\/div>\n\t\t<\/div>\n\t\t\t\t<div class=\"elementor-column elementor-col-100 elementor-top-column elementor-element elementor-element-2ac9f8c5\" data-id=\"2ac9f8c5\" data-element_type=\"column\" data-settings=\"{&quot;background_background&quot;:&quot;classic&quot;}\">\n\t\t\t<div class=\"elementor-widget-wrap elementor-element-populated\">\n\t\t\t\t\t\t\t\t<div class=\"elementor-element elementor-element-7508236c elementor-widget elementor-widget-html\" data-id=\"7508236c\" data-element_type=\"widget\" data-widget_type=\"html.default\">\n\t\t\t\t<div class=\"elementor-widget-container\">\n\t\t\t[wcm_nonmember]\t\t<\/div>\n\t\t\t\t<\/div>\n\t\t\t\t<div class=\"elementor-element elementor-element-5a3c1500 elementor-widget elementor-widget-text-editor\" data-id=\"5a3c1500\" data-element_type=\"widget\" data-widget_type=\"text-editor.default\">\n\t\t\t\t<div class=\"elementor-widget-container\">\n\t\t\t\t\t\t\t<p>Voc\u00ea precisa estar logado para acessar esse material<\/p>\t\t\t\t\t\t<\/div>\n\t\t\t\t<\/div>\n\t\t\t\t<div class=\"elementor-element elementor-element-225e0c08 elementor-align-center elementor-widget elementor-widget-button\" data-id=\"225e0c08\" data-element_type=\"widget\" data-widget_type=\"button.default\">\n\t\t\t\t<div class=\"elementor-widget-container\">\n\t\t\t\t\t<div class=\"elementor-button-wrapper\">\n\t\t\t<a href=\"https:\/\/powertic.com\/pt-br\/cadastro\/\" class=\"elementor-button-link elementor-button elementor-size-sm\" role=\"button\">\n\t\t\t\t\t\t<span class=\"elementor-button-content-wrapper\">\n\t\t\t\t\t\t\t<span class=\"elementor-button-icon elementor-align-icon-right\">\n\t\t\t\t<svg aria-hidden=\"true\" class=\"e-font-icon-svg e-far-arrow-alt-circle-right\"><use xlink:href=\"#far-arrow-alt-circle-right\" \/><\/svg>\t\t\t<\/span>\n\t\t\t\t\t\t<span class=\"elementor-button-text\">Cadastre-se<\/span>\n\t\t<\/span>\n\t\t\t\t\t<\/a>\n\t\t<\/div>\n\t\t\t\t<\/div>\n\t\t\t\t<\/div>\n\t\t\t\t<div class=\"elementor-element elementor-element-6b646d81 elementor-widget elementor-widget-html\" data-id=\"6b646d81\" data-element_type=\"widget\" data-widget_type=\"html.default\">\n\t\t\t\t<div class=\"elementor-widget-container\">\n\t\t\t[\/wcm_nonmember]\t\t<\/div>\n\t\t\t\t<\/div>\n\t\t\t\t<div class=\"elementor-element elementor-element-21d6190 elementor-widget elementor-widget-html\" data-id=\"21d6190\" data-element_type=\"widget\" data-widget_type=\"html.default\">\n\t\t\t\t<div class=\"elementor-widget-container\">\n\t\t\t[wcm_restrict]\t\t<\/div>\n\t\t\t\t<\/div>\n\t\t\t\t<div class=\"elementor-element elementor-element-20db4fd6 elementor-widget elementor-widget-text-editor\" data-id=\"20db4fd6\" data-element_type=\"widget\" data-widget_type=\"text-editor.default\">\n\t\t\t\t<div class=\"elementor-widget-container\">\n\t\t\t\t\t\t\t<p>Voc\u00ea est\u00e1 logado, basta clicar em Download<\/p>\t\t\t\t\t\t<\/div>\n\t\t\t\t<\/div>\n\t\t\t\t<div class=\"elementor-element elementor-element-667b9167 elementor-align-center elementor-widget elementor-widget-button\" data-id=\"667b9167\" data-element_type=\"widget\" data-widget_type=\"button.default\">\n\t\t\t\t<div class=\"elementor-widget-container\">\n\t\t\t\t\t<div class=\"elementor-button-wrapper\">\n\t\t\t<a href=\"https:\/\/mkt.powertic.com\/asset\/52:ebook-automacao-marketing\" class=\"elementor-button-link elementor-button elementor-size-sm\" role=\"button\">\n\t\t\t\t\t\t<span class=\"elementor-button-content-wrapper\">\n\t\t\t\t\t\t\t<span class=\"elementor-button-icon elementor-align-icon-right\">\n\t\t\t\t<svg aria-hidden=\"true\" class=\"e-font-icon-svg e-far-arrow-alt-circle-down\"><use xlink:href=\"#far-arrow-alt-circle-down\" \/><\/svg>\t\t\t<\/span>\n\t\t\t\t\t\t<span class=\"elementor-button-text\">Download<\/span>\n\t\t<\/span>\n\t\t\t\t\t<\/a>\n\t\t<\/div>\n\t\t\t\t<\/div>\n\t\t\t\t<\/div>\n\t\t\t\t<div class=\"elementor-element elementor-element-55b4632b elementor-widget elementor-widget-html\" data-id=\"55b4632b\" data-element_type=\"widget\" data-widget_type=\"html.default\">\n\t\t\t\t<div class=\"elementor-widget-container\">\n\t\t\t[\/wcm_restrict]\t\t<\/div>\n\t\t\t\t<\/div>\n\t\t\t\t\t<\/div>\n\t\t<\/div>\n\t\t\t\t\t\t\t<\/div>\n\t\t<\/section>\n\t\t\t\t<section class=\"elementor-section elementor-top-section elementor-element elementor-element-6bbed95 elementor-section-boxed elementor-section-height-default elementor-section-height-default\" data-id=\"6bbed95\" data-element_type=\"section\" data-settings=\"{&quot;background_background&quot;:&quot;classic&quot;}\">\n\t\t\t\t\t\t<div class=\"elementor-container elementor-column-gap-default\">\n\t\t\t\t\t<div class=\"elementor-column elementor-col-100 elementor-top-column elementor-element elementor-element-bcad904\" data-id=\"bcad904\" data-element_type=\"column\">\n\t\t\t<div class=\"elementor-widget-wrap elementor-element-populated\">\n\t\t\t\t\t\t\t\t<div class=\"elementor-element elementor-element-29a91f1 elementor-widget elementor-widget-text-editor\" data-id=\"29a91f1\" data-element_type=\"widget\" data-widget_type=\"text-editor.default\">\n\t\t\t\t<div class=\"elementor-widget-container\">\n\t\t\t\t\t\t\t<h3 style=\"text-align: center;\">Sobre os Autores<\/h3>\t\t\t\t\t\t<\/div>\n\t\t\t\t<\/div>\n\t\t\t\t<section class=\"elementor-section elementor-inner-section elementor-element elementor-element-1c9d61e elementor-section-boxed elementor-section-height-default elementor-section-height-default\" data-id=\"1c9d61e\" data-element_type=\"section\">\n\t\t\t\t\t\t<div class=\"elementor-container elementor-column-gap-default\">\n\t\t\t\t\t<div class=\"elementor-column elementor-col-33 elementor-inner-column elementor-element elementor-element-544f3ad\" data-id=\"544f3ad\" data-element_type=\"column\">\n\t\t\t<div class=\"elementor-widget-wrap elementor-element-populated\">\n\t\t\t\t\t\t\t\t<div class=\"elementor-element elementor-element-852dd6b elementor-widget elementor-widget-image\" data-id=\"852dd6b\" data-element_type=\"widget\" data-widget_type=\"image.default\">\n\t\t\t\t<div class=\"elementor-widget-container\">\n\t\t\t\t\t\t\t\t\t\t\t\t\t\t\t<img decoding=\"async\" src=\"https:\/\/powertic.com\/wp-content\/uploads\/elementor\/thumbs\/demetrio-pbgm6dgjsr0b6yymlw827hqjqa22q0k64cp15ffitc.png\" title=\"demetrio\" alt=\"Demetrio\" \/>\t\t\t\t\t\t\t\t\t\t\t\t\t\t\t<\/div>\n\t\t\t\t<\/div>\n\t\t\t\t<div class=\"elementor-element elementor-element-f668a24 elementor-widget elementor-widget-text-editor\" data-id=\"f668a24\" data-element_type=\"widget\" data-widget_type=\"text-editor.default\">\n\t\t\t\t<div class=\"elementor-widget-container\">\n\t\t\t\t\t\t\t<h3 style=\"text-align: center;\">Rodrigo Demetrio<\/h3><p>Marketing & Sales @ Powertic\u00a0<\/p><p>17 anos de\u00a0<i>Digital,<\/i> contribuiu para a cria\u00e7\u00e3o ou especializa\u00e7\u00e3o em <i>Digital <\/i>do departamento de Marketing de\u00a0empresas de v\u00e1rios tamanhos e setores.<\/p>\t\t\t\t\t\t<\/div>\n\t\t\t\t<\/div>\n\t\t\t\t\t<\/div>\n\t\t<\/div>\n\t\t\t\t<div class=\"elementor-column elementor-col-33 elementor-inner-column elementor-element elementor-element-6ae1864\" data-id=\"6ae1864\" data-element_type=\"column\">\n\t\t\t<div class=\"elementor-widget-wrap elementor-element-populated\">\n\t\t\t\t\t\t\t\t<div class=\"elementor-element elementor-element-a216519 elementor-widget elementor-widget-image\" data-id=\"a216519\" data-element_type=\"widget\" data-widget_type=\"image.default\">\n\t\t\t\t<div class=\"elementor-widget-container\">\n\t\t\t\t\t\t\t\t\t\t\t\t\t\t\t<img decoding=\"async\" src=\"https:\/\/powertic.com\/wp-content\/uploads\/elementor\/thumbs\/james-loney-pbgm6dgjsr0b6yymlw827hqjqa22q0k64cp15ffitc.png\" title=\"james-loney\" alt=\"james-loney\" \/>\t\t\t\t\t\t\t\t\t\t\t\t\t\t\t<\/div>\n\t\t\t\t<\/div>\n\t\t\t\t<div class=\"elementor-element elementor-element-123099b elementor-widget elementor-widget-text-editor\" data-id=\"123099b\" data-element_type=\"widget\" data-widget_type=\"text-editor.default\">\n\t\t\t\t<div class=\"elementor-widget-container\">\n\t\t\t\t\t\t\t<h3 style=\"text-align: center;\">James Loney<\/h3><p>Marketing & Sales @ Powertic Canada<br \/><br \/>Um eterno estudante. Profissional de Marketing, ex-Microsoft e com experi\u00eancia de implementa\u00e7\u00e3o de <i>Digital Marketing<\/i> em diversas empresas ao redor do mundo.<\/p>\t\t\t\t\t\t<\/div>\n\t\t\t\t<\/div>\n\t\t\t\t\t<\/div>\n\t\t<\/div>\n\t\t\t\t<div class=\"elementor-column elementor-col-33 elementor-inner-column elementor-element elementor-element-a177e21\" data-id=\"a177e21\" data-element_type=\"column\">\n\t\t\t<div class=\"elementor-widget-wrap elementor-element-populated\">\n\t\t\t\t\t\t\t\t<div class=\"elementor-element elementor-element-3b286f6 elementor-widget elementor-widget-image\" data-id=\"3b286f6\" data-element_type=\"widget\" data-widget_type=\"image.default\">\n\t\t\t\t<div class=\"elementor-widget-container\">\n\t\t\t\t\t\t\t\t\t\t\t\t\t\t\t<img decoding=\"async\" src=\"https:\/\/powertic.com\/wp-content\/uploads\/elementor\/thumbs\/luiz-photo-pbgm6dgjsr0b6yymlw827hqjqa22q0k64cp15ffitc.png\" title=\"luiz-photo\" alt=\"Luiz\" \/>\t\t\t\t\t\t\t\t\t\t\t\t\t\t\t<\/div>\n\t\t\t\t<\/div>\n\t\t\t\t<div class=\"elementor-element elementor-element-b307465 elementor-widget elementor-widget-text-editor\" data-id=\"b307465\" data-element_type=\"widget\" data-widget_type=\"text-editor.default\">\n\t\t\t\t<div class=\"elementor-widget-container\">\n\t\t\t\t\t\t\t<h3 style=\"text-align: center;\">Luiz Eduardo Oliveira Fonseca<\/h3>\nProgramador com mais de 12 anos de experi\u00eancia e evangelizador do Mautic e Elementor. Administra os grupos Mautic Brasil e Elementor Brasil e \u00e9 co-fundador da Powertic.\t\t\t\t\t\t<\/div>\n\t\t\t\t<\/div>\n\t\t\t\t\t<\/div>\n\t\t<\/div>\n\t\t\t\t\t\t\t<\/div>\n\t\t<\/section>\n\t\t\t\t\t<\/div>\n\t\t<\/div>\n\t\t\t\t\t\t\t<\/div>\n\t\t<\/section>\n\t\t\t\t\t\t\t<\/div>","protected":false},"excerpt":{"rendered":"<p>E-book de Automa\u00e7\u00e3o de Marketing Entenda o que \u00e9 Automa\u00e7\u00e3o de Marketing e como ela pode ajudar sua empresa a aumentar as vendas. Guia comparativo&hellip;<\/p>","protected":false},"author":5,"featured_media":0,"parent":32729,"menu_order":0,"comment_status":"closed","ping_status":"closed","template":"","meta":{"footnotes":""},"class_list":["post-32442","page","type-page","status-publish","hentry"],"_links":{"self":[{"href":"https:\/\/powertic.com\/pt-br\/wp-json\/wp\/v2\/pages\/32442","targetHints":{"allow":["GET"]}}],"collection":[{"href":"https:\/\/powertic.com\/pt-br\/wp-json\/wp\/v2\/pages"}],"about":[{"href":"https:\/\/powertic.com\/pt-br\/wp-json\/wp\/v2\/types\/page"}],"author":[{"embeddable":true,"href":"https:\/\/powertic.com\/pt-br\/wp-json\/wp\/v2\/users\/5"}],"replies":[{"embeddable":true,"href":"https:\/\/powertic.com\/pt-br\/wp-json\/wp\/v2\/comments?post=32442"}],"version-history":[{"count":0,"href":"https:\/\/powertic.com\/pt-br\/wp-json\/wp\/v2\/pages\/32442\/revisions"}],"up":[{"embeddable":true,"href":"https:\/\/powertic.com\/pt-br\/wp-json\/wp\/v2\/pages\/32729"}],"wp:attachment":[{"href":"https:\/\/powertic.com\/pt-br\/wp-json\/wp\/v2\/media?parent=32442"}],"curies":[{"name":"wp","href":"https:\/\/api.w.org\/{rel}","templated":true}]}}